{"id":172,"date":"2013-03-12T11:53:45","date_gmt":"2013-03-12T11:53:45","guid":{"rendered":"http:\/\/www.safetycar-kfz.at\/?page_id=172"},"modified":"2013-03-21T09:29:25","modified_gmt":"2013-03-21T09:29:25","slug":"impressum-2","status":"publish","type":"page","link":"https:\/\/www.safetycar-kfz.at\/?page_id=172","title":{"rendered":"Impressum"},"content":{"rendered":"<p>Firmenname: SAFETYCAR KFZ-Service und Reparatur GmbH<br \/>\nAnschrift: Wienerstr. 2b, 3340 Waidhofen\/Ybbs<br \/>\nE-Mail: office@safetycar-kfz.at<br \/>\nTelefon: 07442 90407<\/p>\n<p>Firmenbuchnummer: 373836i<br \/>\nFirmengericht: Landesgericht St. P\u00f6lten<br \/>\nBeh\u00f6rde gem. ECG (E-Commerce Gesetz): Magistrat der Stadt Waidhofen\/Ybbs<br \/>\nMitglieder der Wirtschaftskammer \u00d6sterreich: Kraftfahrzeugtechnik<br \/>\nGewerbeberechtigung: Kraftfahrzeugtechnik (Handwerk) gem\u00e4\u00df \u00a7 94 Z.43 GewO 1994<\/p>\n<p>Angegebene Daten werden vertraulich behandelt, nicht an Dritte weitergegeben und nur f\u00fcr eigene Zwecke genutzt.<\/p>\n<p>Sofern nicht anders angegeben unterliegen Fotos, Grafiken und Texte auf diesen Seiten dem Copyright der SAFETYCAR KFZ-Service und Reparatur GmbH.<\/p>\n","protected":false},"excerpt":{"rendered":"<p>Firmenname: SAFETYCAR KFZ-Service und Reparatur GmbH Anschrift: Wienerstr. 2b, 3340 Waidhofen\/Ybbs E-Mail: office@safetycar-kfz.at Telefon: 07442 90407 Firmenbuchnummer: 373836i Firmengericht: Landesgericht St. P\u00f6lten Beh\u00f6rde gem. ECG (E-Commerce Gesetz): Magistrat der Stadt Waidhofen\/Ybbs Mitglieder der Wirtschaftskammer \u00d6sterreich: Kraftfahrzeugtechnik Gewerbeberechtigung: Kraftfahrzeugtechnik (Handwerk) gem\u00e4\u00df \u00a7 94 Z.43 GewO 1994 Angegebene Daten werden vertraulich behandelt, nicht an Dritte weitergegeben und nur f\u00fcr eigene Zwecke genutzt. Sofern nicht anders angegeben unterliegen Fotos, Grafiken und Texte auf diesen Seiten dem Copyright der SAFETYCAR KFZ-Service und Reparatur GmbH.<\/p>\n","protected":false},"author":2,"featured_media":0,"parent":0,"menu_order":0,"comment_status":"open","ping_status":"open","template":"","meta":[],"_links":{"self":[{"href":"https:\/\/www.safetycar-kfz.at\/index.php?rest_route=\/wp\/v2\/pages\/172"}],"collection":[{"href":"https:\/\/www.safetycar-kfz.at\/index.php?rest_route=\/wp\/v2\/pages"}],"about":[{"href":"https:\/\/www.safetycar-kfz.at\/index.php?rest_route=\/wp\/v2\/types\/page"}],"author":[{"embeddable":true,"href":"https:\/\/www.safetycar-kfz.at\/index.php?rest_route=\/wp\/v2\/users\/2"}],"replies":[{"embeddable":true,"href":"https:\/\/www.safetycar-kfz.at\/index.php?rest_route=%2Fwp%2Fv2%2Fcomments&post=172"}],"version-history":[{"count":9,"href":"https:\/\/www.safetycar-kfz.at\/index.php?rest_route=\/wp\/v2\/pages\/172\/revisions"}],"predecessor-version":[{"id":252,"href":"https:\/\/www.safetycar-kfz.at\/index.php?rest_route=\/wp\/v2\/pages\/172\/revisions\/252"}],"wp:attachment":[{"href":"https:\/\/www.safetycar-kfz.at\/index.php?rest_route=%2Fwp%2Fv2%2Fmedia&parent=172"}],"curies":[{"name":"wp","href":"https:\/\/api.w.org\/{rel}","templated":true}]}}