{"id":265,"date":"2020-06-16T10:00:46","date_gmt":"2020-06-16T10:00:46","guid":{"rendered":"http:\/\/www.safetycar-kfz.at\/?page_id=265"},"modified":"2022-09-01T07:42:59","modified_gmt":"2022-09-01T07:42:59","slug":"datenschutzerklarung","status":"publish","type":"page","link":"https:\/\/www.safetycar-kfz.at\/?page_id=265","title":{"rendered":"Datenschutzerkl\u00e4rung"},"content":{"rendered":"<p><strong>DATENSCHUTZERKL\u00c4RUNG<\/strong><\/p>\n<p>Der Schutz Ihrer pers\u00f6nlichen Daten ist uns ein besonderes Anliegen. Wir verarbeiten Ihre Daten daher ausschlie\u00dflich auf Grundlage der gesetzlichen Bestimmungen (DSGVO) und nur auf Basis Ihrer Einwilligung sowie zur Erf\u00fcllung vertraglicher Pflichten und im berechtigten Interesse zur Gew\u00e4hrleistung. In diesen Datenschutzinformationen informieren wir Sie \u00fcber die wichtigsten Aspekte der Datenverarbeitung im Rahmen unserer Website.<\/p>\n<p><strong>Daten\u00fcbermittlung an Dritte <\/strong><\/p>\n<p>Eine Daten\u00fcbermittlung an Dritte erfolgt nur im dazu unbedingt notwendigen Umfang, wo dies zur Auftragsabwicklung erforderlich ist, wie etwa an von uns beauftragte Drittfirmen\/Transportunternehmen\/Versandunternehmen sowie auf Basis gesetzlicher Bestimmungen, wie beispielsweise an unseren Steuerberater zur Erf\u00fcllung unserer steuerrechtlichen Verpflichtungen.<br \/>\nUm Ihre Angaben schon bei der \u00dcbertragung zu sch\u00fctzen, verwenden wir Verschl\u00fcsselungsmethoden nach aktuellen Standards (u.a. SSL Verschl\u00fcsselung). Dies gew\u00e4hrleistet ein H\u00f6chstma\u00df an Sicherheit.<\/p>\n<p><!--\n<strong>Cookies<\/strong>\n\nAuf unserer Website werden sogenannte \"Cookies\" eingesetzt, um Ihnen die Nutzung der Website zu\nerleichtern und unser Angebot nutzerfreundlicher zu gestalten. Dabei handelt es sich um kleine Textdateien, die nur f\u00fcr die Dauer Ihres Besuchs unserer Website auf Ihrem Endger\u00e4t hinterlegt und abh\u00e4ngig von der Einstellung Ihres Browser-Programms beim Beenden des Browsers wieder gel\u00f6scht werden. Cookies richten auf Ihrem Computer keinen Schaden an und enthalten auch keine Viren. Die meisten Browser sind so eingestellt, dass sie Cookies automatisch akzeptieren. Sie k\u00f6nnen das Speichern von Cookies jedoch deaktivieren oder ihren Browser so einstellen, dass er Sie auf die Sendung von Cookies hinweist. Bei der Deaktivierung von Cookies kann die Funktionalit\u00e4t unserer Website eingeschr\u00e4nkt sein.\nEinige Cookies bleiben auf Ihrem Endger\u00e4t gespeichert, bis Sie diese l\u00f6schen. Sie erm\u00f6glichen es uns, Ihren Browser beim n\u00e4chsten Besuch wiederzuerkennen.\n--><\/p>\n<p><!--\n<strong>Web-Analyse<\/strong>\n\nDiese Website benutzt Google Analytics, einen Webanalysedienst der Google Inc. (\"Google\") Google\nAnalytics verwendet sog. \"Cookies\", Textdateien, die auf Ihrem Computer gespeichert werden und die eine Analyse der Benutzung der Website erm\u00f6glicht. Die durch den Cookie erzeugten Informationen \u00fcber Ihre Benutzung diese Website (einschlie\u00dflich Ihrer IP-Adresse) wird an einen Server von Google in den USA \u00fcbertragen und dort gespeichert. Ihre IP-Adresse wird erfasst, aber umgehend gek\u00fcrzt und pseudonymisiert. Dadurch ist nur mehr eine grobe Lokalisierung m\u00f6glich. Google wird diese Informationen benutzen, um Ihre Nutzung der Website auszuwerten, um Reports \u00fcber die Websiteaktivit\u00e4ten f\u00fcr die Websitebetreiber zusammenzustellen und um weitere mit der Websitenutzung und der Internetnutzung verbundene Dienstleistungen zu erbringen. Auch wird Google diese Informationen gegebenenfalls an Dritte \u00fcbertragen, sofern dies gesetzlich vorgeschrieben oder soweit Dritte diese Daten im Auftrag von Google verarbeiten.\nGoogle wird in keinem Fall Ihre IP-Adresse mit anderen Daten der Google Inc. in Verbindung bringen. \u00dcber den Button \u201eCookies Einstellungen\u201c (siehe oben) k\u00f6nnen Sie Ihre Einstellungen f\u00fcr diese Website verwalten.\n--><\/p>\n<p><!--\n<strong>Google Maps<\/strong>\n\nDiese Website verwendet Google Maps der Firma Google LLC (\"Google\"). Dadurch k\u00f6nnen wir interaktive Karten direkt auf der Website anzeigen und erm\u00f6glichen Ihnen damit die einfache Nutzung der Karten- Funktion. Wenn Sie eine Unterseite von www.forster.at besuchen, auf der Google Maps eingebettet ist, werden Daten \u00fcber Ihr Verhalten bei der Nutzung von Google Maps an Google \u00fcbermittelt und von Google verarbeitet. Google verarbeitet diese Daten als Nutzungsprofil, das f\u00fcr Marktforschung oder zur Gestaltung von Google Maps auf Grundlage der Nutzerbed\u00fcrfnisse verwendet wird. Weitere Informationen \u00fcber die\nDatenschutzbestimmungen von Google finden Sie unter: <a href=\"http:\/\/www.google.com\/intl\/en\/policies\/privacy\" target=\"_blank\" rel=\"noopener\">www.google.com\/intl\/en\/policies\/privacy<\/a>\nDie Nutzungsbedingungen f\u00fcr Google Maps finden Sie unter:<a href=\"http:\/\/www.google.com\/intl\/de_de\/help\/terms_maps.html\" target=\"_blank\" rel=\"noopener\"> http:\/\/www.google.com\/intl\/de_de\/help\/terms_maps.html<\/a>\n--><\/p>\n<p><strong>WIE LANGE WERDEN IHRE DATEN GESPEICHERT?<\/strong><\/p>\n<p>Die Datenverarbeitung erfolgt auf Basis des Art 6 Abs 1 lit a (Einwilligung) und\/oder lit f (berechtigtes Interesse) der DSGVO.<br \/>\nWir verarbeiten Ihre personenbezogenen Daten, soweit erforderlich, f\u00fcr die Dauer der gesamten Gesch\u00e4ftsbeziehung (von der Anbahnung, Abwicklung bis zur Beendigung eines Vertrags) sowie dar\u00fcber hinaus gem\u00e4\u00df den gesetzlichen Aufbewahrungs- und Dokumentationspflichten. Die verarbeiteten personenbezogenen Daten werden f\u00fcr statistische Zwecke sowie zum Zweck des Betriebs, der Sicherheit und der Optimierung der Website verwendet. Sofern bei der Erhebung (z.B. im Rahmen einer Einwilligungserkl\u00e4rung) keine ausdr\u00fcckliche Speicherdauer angegeben wird, werden Ihre personenbezogenen Daten gel\u00f6scht (bzw. anonymisiert), soweit diese nicht mehr zur Erf\u00fcllung des Zweckes der Speicherung erforderlich sind und keine gesetzlichen Aufbewahrungspflichten (z.B. handels- und steuerrechtliche Aufbewahrungspflichten) entgegenstehen.<\/p>\n<p><strong>Urheberrecht<\/strong><\/p>\n<p>Die Inhalte unserer Website, insbesondere der dargestellten Produkte und bereitgestellten Daten sind urheberrechtlich gesch\u00fctzt. Die Inhalte d\u00fcrfen weder ganz noch teilweise ohne vorherige schriftliche Genehmigung vervielf\u00e4ltigt und\/oder ver\u00f6ffentlicht werden.<\/p>\n<p><strong>Haftung\/Links zu anderen Websites<\/strong><\/p>\n<p>Diese Website wurde mit gr\u00f6\u00dftm\u00f6glicher Sorgfalt zusammengestellt. Trotzdem kann keine Gew\u00e4hr f\u00fcr die Fehlerfreiheit und Genauigkeit der enthaltenen Informationen \u00fcbernommen werden. Jegliche Haftung f\u00fcr Sch\u00e4den, die direkt oder indirekt aus der Benutzung dieser Website entstehen, wird ausgeschlossen. Sofern von dieser Website auf Internetseiten verwiesen wird, die von Dritten betrieben werden, \u00fcbernimmt Safetycar keine Verantwortung f\u00fcr deren Inhalte. Diese liegt allein bei den jeweiligen Anbietern.<\/p>\n<p><strong>Ihre Rechte<\/strong><\/p>\n<p>Ihnen stehen grunds\u00e4tzlich die Rechte auf Auskunft, Berichtigung, L\u00f6schung, Einschr\u00e4nkung,<br \/>\nDaten\u00fcbertragbarkeit, Widerruf und Widerspruch zu. Wenn Sie glauben, dass die Verarbeitung Ihrer Daten gegen das Datenschutzrecht verst\u00f6\u00dft oder Ihre datenschutzrechtlichen Anspr\u00fcche sonst in einer Weise verletzt worden sind, k\u00f6nnen Sie sich bei der Aufsichtsbeh\u00f6rde beschweren. In \u00d6sterreich ist dies die Datenschutzbeh\u00f6rde.<\/p>\n<p>Stand 31.08.2022<\/p>\n<p><strong>Sie erreichen uns unter folgenden Kontaktdaten:<\/strong><\/p>\n<p><strong>SAFETY KFZ-Service und Reparatur GmbH<\/strong><br \/>\nWiener Stra\u00dfe 2b<br \/>\n3340 Waidhofen\/Ybbs<\/p>\n<p>Tel.: +43 7442 90407<br \/>\nE-Mail: <a href=\"mailto:datenschutz@forster.at\">datenschutz@forster.at<\/a><\/p>\n","protected":false},"excerpt":{"rendered":"<p>DATENSCHUTZERKL\u00c4RUNG Der Schutz Ihrer pers\u00f6nlichen Daten ist uns ein besonderes Anliegen. Wir verarbeiten Ihre Daten daher ausschlie\u00dflich auf Grundlage der gesetzlichen Bestimmungen (DSGVO) und nur auf Basis Ihrer Einwilligung sowie zur Erf\u00fcllung vertraglicher Pflichten und im berechtigten Interesse zur Gew\u00e4hrleistung. In diesen Datenschutzinformationen informieren wir Sie \u00fcber die wichtigsten Aspekte der Datenverarbeitung im Rahmen unserer Website. Daten\u00fcbermittlung an Dritte Eine Daten\u00fcbermittlung an Dritte erfolgt nur im dazu unbedingt notwendigen Umfang, wo dies zur Auftragsabwicklung erforderlich ist, wie etwa an von uns beauftragte Drittfirmen\/Transportunternehmen\/Versandunternehmen sowie auf Basis gesetzlicher Bestimmungen, wie beispielsweise an unseren Steuerberater zur Erf\u00fcllung unserer steuerrechtlichen Verpflichtungen. Um Ihre Angaben schon bei der \u00dcbertragung zu sch\u00fctzen, verwenden wir Verschl\u00fcsselungsmethoden nach aktuellen Standards (u.a. SSL Verschl\u00fcsselung). Dies gew\u00e4hrleistet ein H\u00f6chstma\u00df an Sicherheit. WIE LANGE WERDEN IHRE DATEN GESPEICHERT? Die Datenverarbeitung erfolgt auf Basis des Art 6 Abs 1 lit a (Einwilligung) und\/oder lit f (berechtigtes Interesse) der DSGVO. Wir verarbeiten Ihre personenbezogenen Daten, soweit erforderlich, f\u00fcr die Dauer der gesamten Gesch\u00e4ftsbeziehung (von der Anbahnung, Abwicklung bis zur Beendigung eines Vertrags) sowie dar\u00fcber hinaus gem\u00e4\u00df den gesetzlichen Aufbewahrungs- und Dokumentationspflichten. Die verarbeiteten personenbezogenen Daten werden f\u00fcr statistische Zwecke sowie zum Zweck des Betriebs, der Sicherheit und der Optimierung der Website verwendet. Sofern bei der Erhebung (z.B. im Rahmen einer Einwilligungserkl\u00e4rung) keine ausdr\u00fcckliche Speicherdauer angegeben wird, werden Ihre personenbezogenen Daten gel\u00f6scht (bzw. anonymisiert), soweit diese nicht mehr zur Erf\u00fcllung des Zweckes der Speicherung erforderlich sind und keine gesetzlichen Aufbewahrungspflichten (z.B. handels- und steuerrechtliche Aufbewahrungspflichten) entgegenstehen. Urheberrecht Die Inhalte unserer Website, insbesondere der dargestellten Produkte und bereitgestellten Daten sind urheberrechtlich gesch\u00fctzt. Die Inhalte d\u00fcrfen weder ganz noch teilweise ohne vorherige schriftliche Genehmigung vervielf\u00e4ltigt und\/oder ver\u00f6ffentlicht werden. Haftung\/Links zu anderen Websites Diese Website wurde mit gr\u00f6\u00dftm\u00f6glicher Sorgfalt zusammengestellt. Trotzdem kann keine Gew\u00e4hr f\u00fcr die Fehlerfreiheit und Genauigkeit der enthaltenen Informationen \u00fcbernommen werden. Jegliche Haftung f\u00fcr Sch\u00e4den, die direkt oder indirekt aus der Benutzung dieser Website entstehen, wird ausgeschlossen. Sofern von dieser Website auf Internetseiten verwiesen wird, die von Dritten betrieben werden, \u00fcbernimmt Safetycar keine Verantwortung f\u00fcr deren Inhalte. Diese liegt allein bei den jeweiligen Anbietern. Ihre Rechte Ihnen stehen grunds\u00e4tzlich die Rechte auf Auskunft, Berichtigung, L\u00f6schung, Einschr\u00e4nkung, Daten\u00fcbertragbarkeit, Widerruf und Widerspruch zu. Wenn Sie glauben, dass die Verarbeitung Ihrer Daten gegen das Datenschutzrecht verst\u00f6\u00dft oder Ihre datenschutzrechtlichen Anspr\u00fcche sonst in einer Weise verletzt worden sind, k\u00f6nnen Sie sich bei der Aufsichtsbeh\u00f6rde beschweren. In \u00d6sterreich ist dies die Datenschutzbeh\u00f6rde. Stand 31.08.2022 Sie erreichen uns unter folgenden Kontaktdaten: SAFETY KFZ-Service und Reparatur GmbH Wiener Stra\u00dfe 2b 3340 Waidhofen\/Ybbs Tel.: +43 7442 90407 E-Mail: datenschutz@forster.at<\/p>\n","protected":false},"author":1,"featured_media":0,"parent":0,"menu_order":0,"comment_status":"open","ping_status":"open","template":"","meta":[],"_links":{"self":[{"href":"https:\/\/www.safetycar-kfz.at\/index.php?rest_route=\/wp\/v2\/pages\/265"}],"collection":[{"href":"https:\/\/www.safetycar-kfz.at\/index.php?rest_route=\/wp\/v2\/pages"}],"about":[{"href":"https:\/\/www.safetycar-kfz.at\/index.php?rest_route=\/wp\/v2\/types\/page"}],"author":[{"embeddable":true,"href":"https:\/\/www.safetycar-kfz.at\/index.php?rest_route=\/wp\/v2\/users\/1"}],"replies":[{"embeddable":true,"href":"https:\/\/www.safetycar-kfz.at\/index.php?rest_route=%2Fwp%2Fv2%2Fcomments&post=265"}],"version-history":[{"count":5,"href":"https:\/\/www.safetycar-kfz.at\/index.php?rest_route=\/wp\/v2\/pages\/265\/revisions"}],"predecessor-version":[{"id":278,"href":"https:\/\/www.safetycar-kfz.at\/index.php?rest_route=\/wp\/v2\/pages\/265\/revisions\/278"}],"wp:attachment":[{"href":"https:\/\/www.safetycar-kfz.at\/index.php?rest_route=%2Fwp%2Fv2%2Fmedia&parent=265"}],"curies":[{"name":"wp","href":"https:\/\/api.w.org\/{rel}","templated":true}]}}