{"id":30,"date":"2013-03-07T09:38:18","date_gmt":"2013-03-07T09:38:18","guid":{"rendered":"http:\/\/www.safetycar-kfz.at\/?page_id=30"},"modified":"2013-04-08T08:27:23","modified_gmt":"2013-04-08T08:27:23","slug":"%c2%a7-57a-uberprufung","status":"publish","type":"page","link":"https:\/\/www.safetycar-kfz.at\/?page_id=30","title":{"rendered":"\u00a7 57a-\u00dcberpr\u00fcfung"},"content":{"rendered":"<p><strong><a href=\"http:\/\/www.safetycar-kfz.at\/wp-content\/uploads\/2013\/03\/Autowerkstatt_Safetycar4.jpg\"><img loading=\"lazy\" class=\"alignright size-medium wp-image-211\" title=\"Karosserie - Lackiererei - Autowerkstatt\" alt=\"Karosserie - Lackiererei - Autowerkstatt\" src=\"http:\/\/www.safetycar-kfz.at\/wp-content\/uploads\/2013\/03\/Autowerkstatt_Safetycar4-300x206.jpg\" width=\"300\" height=\"206\" srcset=\"https:\/\/www.safetycar-kfz.at\/wp-content\/uploads\/2013\/03\/Autowerkstatt_Safetycar4-300x206.jpg 300w, https:\/\/www.safetycar-kfz.at\/wp-content\/uploads\/2013\/03\/Autowerkstatt_Safetycar4-160x110.jpg 160w, https:\/\/www.safetycar-kfz.at\/wp-content\/uploads\/2013\/03\/Autowerkstatt_Safetycar4.jpg 800w\" sizes=\"(max-width: 300px) 100vw, 300px\" \/><\/a>Als Meisterwerkst\u00e4tte sind wir autorisiert, \u00dcberpr\u00fcfungen gem\u00e4\u00df \u00a7 57a KFG durchzuf\u00fchren.<\/strong><\/p>\n<p>Die \u00dcberpr\u00fcfung der Verkehrs- und Betriebssicherheit sowie die Umweltvertr\u00e4glichkeitspr\u00fcfung Ihres Fahrzeuges ist gesetzlich vorgeschrieben. Der Zeitraum f\u00fcr die amtliche Begutachtung richtet sich nach dem Monat der erstmaligen Zulassung Ihres KFZ und kann bereits einen Monat im Vorhinein durchgef\u00fchrt werden.<br \/>\nIn \u00d6sterreich gibt es eine Nachfrist von 4 Monaten, die allerdings bei einer Fahrt ins Ausland in einigen L\u00e4ndern nicht akzeptiert wird.<\/p>\n<p>Lassen Sie Ihr Fahrzeug so fr\u00fch wie m\u00f6glich begutachten. So besteht die M\u00f6glichkeit, bei einer notwendigen Reparatur, Ersatzteile bei Lieferschwierigkeiten trotzdem f\u00fcr Sie kosteng\u00fcnstig zu besorgen.<\/p>\n<p>&nbsp;<\/p>\n<p>&nbsp;<\/p>\n","protected":false},"excerpt":{"rendered":"<p>Als Meisterwerkst\u00e4tte sind wir autorisiert, \u00dcberpr\u00fcfungen gem\u00e4\u00df \u00a7 57a KFG durchzuf\u00fchren. Die \u00dcberpr\u00fcfung der Verkehrs- und Betriebssicherheit sowie die Umweltvertr\u00e4glichkeitspr\u00fcfung Ihres Fahrzeuges ist gesetzlich vorgeschrieben. Der Zeitraum f\u00fcr die amtliche Begutachtung richtet sich nach dem Monat der erstmaligen Zulassung Ihres KFZ und kann bereits einen Monat im Vorhinein durchgef\u00fchrt werden. In \u00d6sterreich gibt es eine Nachfrist von 4 Monaten, die allerdings bei einer Fahrt ins Ausland in einigen L\u00e4ndern nicht akzeptiert wird. Lassen Sie Ihr Fahrzeug so fr\u00fch wie m\u00f6glich begutachten. So besteht die M\u00f6glichkeit, bei einer notwendigen Reparatur, Ersatzteile bei Lieferschwierigkeiten trotzdem f\u00fcr Sie kosteng\u00fcnstig zu besorgen. &nbsp; &nbsp;<\/p>\n","protected":false},"author":1,"featured_media":0,"parent":0,"menu_order":0,"comment_status":"open","ping_status":"open","template":"","meta":[],"_links":{"self":[{"href":"https:\/\/www.safetycar-kfz.at\/index.php?rest_route=\/wp\/v2\/pages\/30"}],"collection":[{"href":"https:\/\/www.safetycar-kfz.at\/index.php?rest_route=\/wp\/v2\/pages"}],"about":[{"href":"https:\/\/www.safetycar-kfz.at\/index.php?rest_route=\/wp\/v2\/types\/page"}],"author":[{"embeddable":true,"href":"https:\/\/www.safetycar-kfz.at\/index.php?rest_route=\/wp\/v2\/users\/1"}],"replies":[{"embeddable":true,"href":"https:\/\/www.safetycar-kfz.at\/index.php?rest_route=%2Fwp%2Fv2%2Fcomments&post=30"}],"version-history":[{"count":16,"href":"https:\/\/www.safetycar-kfz.at\/index.php?rest_route=\/wp\/v2\/pages\/30\/revisions"}],"predecessor-version":[{"id":257,"href":"https:\/\/www.safetycar-kfz.at\/index.php?rest_route=\/wp\/v2\/pages\/30\/revisions\/257"}],"wp:attachment":[{"href":"https:\/\/www.safetycar-kfz.at\/index.php?rest_route=%2Fwp%2Fv2%2Fmedia&parent=30"}],"curies":[{"name":"wp","href":"https:\/\/api.w.org\/{rel}","templated":true}]}}