{"id":34,"date":"2013-03-07T09:38:36","date_gmt":"2013-03-07T09:38:36","guid":{"rendered":"http:\/\/www.safetycar-kfz.at\/?page_id=34"},"modified":"2013-04-08T08:19:11","modified_gmt":"2013-04-08T08:19:11","slug":"karosserie","status":"publish","type":"page","link":"https:\/\/www.safetycar-kfz.at\/?page_id=34","title":{"rendered":"Karosserie"},"content":{"rendered":"<p><strong><a href=\"http:\/\/www.safetycar-kfz.at\/wp-content\/uploads\/2013\/03\/Autowerkstatt_Safetycar5.jpg\"><img loading=\"lazy\" class=\"alignright size-medium wp-image-212\" title=\"Karosserie - Lackiererei - Autowerkstatt\" alt=\"Karosserie - Lackiererei - Autowerkstatt\" src=\"http:\/\/www.safetycar-kfz.at\/wp-content\/uploads\/2013\/03\/Autowerkstatt_Safetycar5-300x206.jpg\" width=\"300\" height=\"206\" srcset=\"https:\/\/www.safetycar-kfz.at\/wp-content\/uploads\/2013\/03\/Autowerkstatt_Safetycar5-300x206.jpg 300w, https:\/\/www.safetycar-kfz.at\/wp-content\/uploads\/2013\/03\/Autowerkstatt_Safetycar5-160x110.jpg 160w, https:\/\/www.safetycar-kfz.at\/wp-content\/uploads\/2013\/03\/Autowerkstatt_Safetycar5.jpg 800w\" sizes=\"(max-width: 300px) 100vw, 300px\" \/><\/a>Spenglerei und Lackiererei unter einem Dach \u2013 und das markenunabh\u00e4ngig.<\/strong><\/p>\n<p>Wir bringen Ihr Auto nach einem Unfall wieder in Form.<\/p>\n<p>Bei Versicherungssch\u00e4den:<br \/>\n&#8211; Anforderung eines Sachverst\u00e4ndigen<br \/>\n&#8211; Direktverrechnung mit der Versicherung<br \/>\n&#8211; Leihwagen<\/p>\n<p>Bei \u00e4lteren Fahrzeugen \u00fcberschreiten\u00a0 die Instandsetzungskosten oftmals den von der Versicherung errechneten Zeitwert und Ihr KFZ wird als Totalschaden bewertet. Als markenunabh\u00e4ngige Werkst\u00e4tte haben wir die M\u00f6glichkeit, durch den Teileankauf im freien Handel die Reparaturkosten zu reduzieren und somit sind Sie meist nicht gezwungen, Ihr Auto zu tauschen.<\/p>\n","protected":false},"excerpt":{"rendered":"<p>Spenglerei und Lackiererei unter einem Dach \u2013 und das markenunabh\u00e4ngig. Wir bringen Ihr Auto nach einem Unfall wieder in Form. Bei Versicherungssch\u00e4den: &#8211; Anforderung eines Sachverst\u00e4ndigen &#8211; Direktverrechnung mit der Versicherung &#8211; Leihwagen Bei \u00e4lteren Fahrzeugen \u00fcberschreiten\u00a0 die Instandsetzungskosten oftmals den von der Versicherung errechneten Zeitwert und Ihr KFZ wird als Totalschaden bewertet. Als markenunabh\u00e4ngige Werkst\u00e4tte haben wir die M\u00f6glichkeit, durch den Teileankauf im freien Handel die Reparaturkosten zu reduzieren und somit sind Sie meist nicht gezwungen, Ihr Auto zu tauschen.<\/p>\n","protected":false},"author":1,"featured_media":0,"parent":0,"menu_order":0,"comment_status":"open","ping_status":"open","template":"","meta":[],"_links":{"self":[{"href":"https:\/\/www.safetycar-kfz.at\/index.php?rest_route=\/wp\/v2\/pages\/34"}],"collection":[{"href":"https:\/\/www.safetycar-kfz.at\/index.php?rest_route=\/wp\/v2\/pages"}],"about":[{"href":"https:\/\/www.safetycar-kfz.at\/index.php?rest_route=\/wp\/v2\/types\/page"}],"author":[{"embeddable":true,"href":"https:\/\/www.safetycar-kfz.at\/index.php?rest_route=\/wp\/v2\/users\/1"}],"replies":[{"embeddable":true,"href":"https:\/\/www.safetycar-kfz.at\/index.php?rest_route=%2Fwp%2Fv2%2Fcomments&post=34"}],"version-history":[{"count":13,"href":"https:\/\/www.safetycar-kfz.at\/index.php?rest_route=\/wp\/v2\/pages\/34\/revisions"}],"predecessor-version":[{"id":133,"href":"https:\/\/www.safetycar-kfz.at\/index.php?rest_route=\/wp\/v2\/pages\/34\/revisions\/133"}],"wp:attachment":[{"href":"https:\/\/www.safetycar-kfz.at\/index.php?rest_route=%2Fwp%2Fv2%2Fmedia&parent=34"}],"curies":[{"name":"wp","href":"https:\/\/api.w.org\/{rel}","templated":true}]}}